{"id":326,"date":"2026-02-19T23:07:44","date_gmt":"2026-02-19T20:07:44","guid":{"rendered":"https:\/\/miniv2.com\/?page_id=326"},"modified":"2026-02-19T23:30:11","modified_gmt":"2026-02-19T20:30:11","slug":"kargo-ve-teslimat","status":"publish","type":"page","link":"https:\/\/miniv2.com\/index.php\/kargo-ve-teslimat\/","title":{"rendered":"Kargo ve Teslimat"},"content":{"rendered":"\t\t<div data-elementor-type=\"wp-page\" data-elementor-id=\"326\" class=\"elementor elementor-326\" data-elementor-post-type=\"page\">\n\t\t\t\t<div class=\"elementor-element elementor-element-38b331eb e-con-full elementor-hidden-mobile e-flex e-con e-parent\" data-id=\"38b331eb\" data-element_type=\"container\" data-e-type=\"container\">\n\t\t<div class=\"elementor-element elementor-element-751d706e e-con-full e-flex e-con e-child\" data-id=\"751d706e\" data-element_type=\"container\" data-e-type=\"container\">\n\t\t\t\t<div class=\"elementor-element elementor-element-6cc2ddba elementor-widget__width-initial elementor-widget elementor-widget-theme-site-logo elementor-widget-image\" data-id=\"6cc2ddba\" data-element_type=\"widget\" data-e-type=\"widget\" data-widget_type=\"theme-site-logo.default\">\n\t\t\t\t\t\t\t\t\t\t\t<a href=\"https:\/\/miniv2.com\">\n\t\t\t<img fetchpriority=\"high\" decoding=\"async\" width=\"600\" height=\"335\" src=\"https:\/\/miniv2.com\/wp-content\/uploads\/2026\/02\/logob2.png\" class=\"attachment-full size-full wp-image-64\" alt=\"\" srcset=\"https:\/\/miniv2.com\/wp-content\/uploads\/2026\/02\/logob2.png 600w, https:\/\/miniv2.com\/wp-content\/uploads\/2026\/02\/logob2-300x168.png 300w\" sizes=\"(max-width: 600px) 100vw, 600px\" \/>\t\t\t\t<\/a>\n\t\t\t\t\t\t\t\t\t\t\t<\/div>\n\t\t<div class=\"elementor-element elementor-element-5ba58827 e-con-full e-flex e-con e-child\" data-id=\"5ba58827\" data-element_type=\"container\" data-e-type=\"container\">\n\t\t\t\t<div class=\"elementor-element elementor-element-17b74337 elementor-widget elementor-widget-button\" data-id=\"17b74337\" data-element_type=\"widget\" data-e-type=\"widget\" data-widget_type=\"button.default\">\n\t\t\t\t\t\t\t\t\t\t<a class=\"elementor-button elementor-button-link elementor-size-sm\" href=\"#miniv2\">\n\t\t\t\t\t\t<span class=\"elementor-button-content-wrapper\">\n\t\t\t\t\t\t\t\t\t<span class=\"elementor-button-text\">Mini V2 ile Tan\u0131\u015f\u0131n!<\/span>\n\t\t\t\t\t<\/span>\n\t\t\t\t\t<\/a>\n\t\t\t\t\t\t\t\t<\/div>\n\t\t\t\t<div class=\"elementor-element elementor-element-4107aafb elementor-widget elementor-widget-button\" data-id=\"4107aafb\" data-element_type=\"widget\" data-e-type=\"widget\" data-widget_type=\"button.default\">\n\t\t\t\t\t\t\t\t\t\t<a class=\"elementor-button elementor-button-link elementor-size-sm\" href=\"#donanim\">\n\t\t\t\t\t\t<span class=\"elementor-button-content-wrapper\">\n\t\t\t\t\t\t\t\t\t<span class=\"elementor-button-text\">Donan\u0131m G\u00fcc\u00fc<\/span>\n\t\t\t\t\t<\/span>\n\t\t\t\t\t<\/a>\n\t\t\t\t\t\t\t\t<\/div>\n\t\t\t\t<div class=\"elementor-element elementor-element-19745f97 elementor-widget elementor-widget-button\" data-id=\"19745f97\" data-element_type=\"widget\" data-e-type=\"widget\" data-widget_type=\"button.default\">\n\t\t\t\t\t\t\t\t\t\t<a class=\"elementor-button elementor-button-link elementor-size-sm\" href=\"#kontrol\">\n\t\t\t\t\t\t<span class=\"elementor-button-content-wrapper\">\n\t\t\t\t\t\t\t\t\t<span class=\"elementor-button-text\">Ak\u0131ll\u0131 Kontrol<\/span>\n\t\t\t\t\t<\/span>\n\t\t\t\t\t<\/a>\n\t\t\t\t\t\t\t\t<\/div>\n\t\t\t\t<div class=\"elementor-element elementor-element-747f6133 elementor-widget elementor-widget-button\" data-id=\"747f6133\" data-element_type=\"widget\" data-e-type=\"widget\" data-widget_type=\"button.default\">\n\t\t\t\t\t\t\t\t\t\t<a class=\"elementor-button elementor-button-link elementor-size-sm\" href=\"#uretim\">\n\t\t\t\t\t\t<span class=\"elementor-button-content-wrapper\">\n\t\t\t\t\t\t\t\t\t<span class=\"elementor-button-text\">Neler \u00dcretebilir?<\/span>\n\t\t\t\t\t<\/span>\n\t\t\t\t\t<\/a>\n\t\t\t\t\t\t\t\t<\/div>\n\t\t\t\t<\/div>\n\t\t\t\t<div class=\"elementor-element elementor-element-4deccb73 elementor-widget elementor-widget-button\" data-id=\"4deccb73\" data-element_type=\"widget\" data-e-type=\"widget\" data-widget_type=\"button.default\">\n\t\t\t\t\t\t\t\t\t\t<a class=\"elementor-button elementor-button-link elementor-size-sm\" href=\"#satinal\">\n\t\t\t\t\t\t<span class=\"elementor-button-content-wrapper\">\n\t\t\t\t\t\t\t\t\t<span class=\"elementor-button-text\">Mini V2 Sahibi Olun!<\/span>\n\t\t\t\t\t<\/span>\n\t\t\t\t\t<\/a>\n\t\t\t\t\t\t\t\t<\/div>\n\t\t\t\t<\/div>\n\t\t\t\t<\/div>\n\t\t<div class=\"elementor-element elementor-element-f301362 e-flex e-con-boxed e-con e-parent\" data-id=\"f301362\" data-element_type=\"container\" data-e-type=\"container\">\n\t\t\t\t\t<div class=\"e-con-inner\">\n\t\t\t\t<div class=\"elementor-element elementor-element-d2ec9b7 elementor-widget elementor-widget-html\" data-id=\"d2ec9b7\" data-element_type=\"widget\" data-e-type=\"widget\" data-widget_type=\"html.default\">\n\t\t\t\t\t<!-- PREMIUM CNC TEMASI - TAMAMEN BEYAZ MET\u0130NL\u0130 TESL\u0130MAT SAYFASI -->\n<!-- Stil Blo\u011fu: T\u00fcm yaz\u0131lar\u0131 beyaza zorlayan CSS kurallar\u0131 -->\n<style>\n    .delivery-page-container {\n        font-family: sans-serif; \/* Modern ve temiz bir font *\/\n        line-height: 1.6;\n        max-width: 900px; \/* Okuma kolayl\u0131\u011f\u0131 i\u00e7in geni\u015flik s\u0131n\u0131r\u0131 *\/\n        margin: 0 auto; \/* Ortala *\/\n        padding: 20px;\n        color: #ffffff; \/* ANA KURAL: Kapsay\u0131c\u0131 i\u00e7indeki t\u00fcm metinler beyaz olsun *\/\n    }\n\n    .delivery-main-title {\n        font-size: 2.5rem;\n        font-weight: 800;\n        text-align: center;\n        margin-bottom: 30px;\n        color: #ffffff; \/* Beyaz *\/\n    }\n\n    .delivery-intro {\n        font-size: 1.1rem;\n        text-align: center;\n        margin-bottom: 40px;\n        opacity: 0.9; \/* Hafif bir \u015feffafl\u0131k ile ana ba\u015fl\u0131ktan ayr\u0131\u015fs\u0131n *\/\n    }\n\n    .delivery-step-block {\n        background-color: rgba(255, 255, 255, 0.05); \/* \u00c7ok hafif \u015feffaf arka plan kutusu *\/\n        padding: 25px;\n        margin-bottom: 25px;\n        border-radius: 8px;\n        border-left: 4px solid #007bff; \/* Sol kenar \u00e7izgisi MAV\u0130 kals\u0131n (yap\u0131 i\u00e7in) *\/\n    }\n\n    \/* Dikkat ad\u0131m\u0131n\u0131n sol \u00e7izgisi k\u0131rm\u0131z\u0131 olsun *\/\n    .delivery-step-block.attention-block {\n        border-left-color: #dc3545;\n        background-color: rgba(220, 53, 69, 0.1); \/* Hafif k\u0131rm\u0131z\u0131ms\u0131 arka plan *\/\n    }\n\n    .step-title {\n        font-size: 1.5rem;\n        font-weight: 700;\n        margin-top: 0;\n        margin-bottom: 15px;\n        color: #ffffff !important; \/* \u00d6NEML\u0130: Ad\u0131m ba\u015fl\u0131klar\u0131 kesinlikle BEYAZ *\/\n    }\n\n    \/* Dikkat ba\u015fl\u0131\u011f\u0131 da beyaz olsun *\/\n    .attention-block .step-title {\n        color: #ffffff !important;\n    }\n\n    .step-description {\n        margin-bottom: 15px;\n    }\n\n    .delivery-list {\n        list-style-type: none;\n        padding-left: 0;\n    }\n\n    .delivery-list li {\n        margin-bottom: 12px;\n        padding-left: 20px;\n        position: relative;\n    }\n\n    \/* Liste ba\u015f\u0131ndaki noktalar da BEYAZ olsun *\/\n    .delivery-list li::before {\n        content: '\u2022';\n        color: #ffffff; \/* Beyaz nokta *\/\n        font-size: 1.5em;\n        position: absolute;\n        left: 0;\n        top: -2px;\n    }\n    \n    \/* Dikkat ad\u0131m\u0131ndaki noktalar da BEYAZ olsun *\/\n    .attention-block .delivery-list li::before {\n         color: #ffffff;\n    }\n\n    .list-label {\n        font-weight: 700;\n        color: #ffffff; \/* Etiketler beyaz ve kal\u0131n *\/\n    }\n    \n    .highlight-text {\n        font-weight: 700;\n        color: #ffffff;\n        text-decoration: underline; \/* Vurgu i\u00e7in alt\u0131 \u00e7izili *\/\n    }\n    \n    .warning-note {\n        margin-top: 15px;\n        font-style: italic;\n        font-size: 0.9em;\n        opacity: 0.8;\n        color: #ffffff; \/* Dipnot da beyaz *\/\n    }\n<\/style>\n\n<!-- \u0130\u00e7erik Blo\u011fu (Metinler ayn\u0131, sadece stiller de\u011fi\u015fti) -->\n<div class=\"delivery-page-container\">\n    <h1 class=\"delivery-main-title\">Kargo ve Teslimat S\u00fcreci<\/h1>\n    <p class=\"delivery-intro\">Yerli \u00fcretim g\u00fcc\u00fcm\u00fcz ve stoklu \u00e7al\u0131\u015fma prensibimizle, yeni Masa\u00fcst\u00fc CNC makinenizi fabrikadan kap\u0131n\u0131za kadar en h\u0131zl\u0131 ve g\u00fcvenli \u015fekilde ula\u015ft\u0131r\u0131yoruz. \u0130\u015fte ad\u0131m ad\u0131m teslimat s\u00fcrecimiz:<\/p>\n\n    <!-- ADIM 1 -->\n    <div class=\"delivery-step-block\">\n        <h2 class=\"step-title\">ADIM 1: \u00dccretsiz Kargo ve H\u0131zl\u0131 Haz\u0131rl\u0131k<\/h2>\n        <p class=\"step-description\">Premium hizmet standard\u0131m\u0131z gere\u011fi, CNC makine sipari\u015flerinizde kargo \u00fccreti fabrikam\u0131z taraf\u0131ndan kar\u015f\u0131lan\u0131r ve size <strong>\u00dcCRETS\u0130Z<\/strong> olarak g\u00f6nderilir.<\/p>\n        <ul class=\"delivery-list\">\n            <li><span class=\"list-label\">Stoktan G\u00f6nderim:<\/span> \u00dcr\u00fcnlerimiz fabrikam\u0131zda haz\u0131r stokludur.<\/li>\n            <li><span class=\"list-label\">H\u0131zl\u0131 \u0130\u015flem:<\/span> Sipari\u015finiz onayland\u0131\u011f\u0131 andan itibaren <strong>1-3 i\u015f g\u00fcn\u00fc<\/strong> i\u00e7inde testleri tamamlan\u0131p kargoya verilir.<\/li>\n        <\/ul>\n    <\/div>\n\n    <!-- ADIM 2 -->\n    <div class=\"delivery-step-block\">\n        <h2 class=\"step-title\">ADIM 2: G\u00fcvenli Paketleme ve Sevkiyat<\/h2>\n        <p class=\"step-description\">Hassas teknolojik cihaz\u0131n\u0131z\u0131 korumak i\u00e7in end\u00fcstriyel standartlarda paketleme yap\u0131yoruz.<\/p>\n        <ul class=\"delivery-list\">\n            <li><span class=\"list-label\">\u00d6zel Koruma:<\/span> Makineniz, fabrikam\u0131zda darbe emici \u00f6zel k\u00f6p\u00fckler ve dayan\u0131kl\u0131 end\u00fcstriyel kutularla paketlenir.<\/li>\n            <li><span class=\"list-label\">Anla\u015fmal\u0131 Lojistik:<\/span> Paketiniz, hassas ta\u015f\u0131ma konusunda deneyimli anla\u015fmal\u0131 kargo\/lojistik firmam\u0131za sigortal\u0131 olarak teslim edilir.<\/li>\n        <\/ul>\n    <\/div>\n\n    <!-- ADIM 3 -->\n    <div class=\"delivery-step-block\">\n        <h2 class=\"step-title\">ADIM 3: Kargo Takibi ve Var\u0131\u015f<\/h2>\n        <p class=\"step-description\">Sipari\u015finizin her an\u0131n\u0131 takip edebilirsiniz.<\/p>\n        <ul class=\"delivery-list\">\n            <li><span class=\"list-label\">Bildirim:<\/span> \u00dcr\u00fcn\u00fcn\u00fcz kargoya verildi\u011finde, takip numaran\u0131z SMS ve E-posta yoluyla an\u0131nda sizinle payla\u015f\u0131l\u0131r.<\/li>\n            <li><span class=\"list-label\">Tahmini S\u00fcre:<\/span> Kargo firmas\u0131n\u0131n yo\u011funlu\u011funa ve bulundu\u011funuz b\u00f6lgeye g\u00f6re teslimat genellikle 24-48 saat s\u00fcrer.<\/li>\n        <\/ul>\n    <\/div>\n\n    <!-- ADIM 4 (D\u0130KKAT ADIMI) -->\n    <div class=\"delivery-step-block attention-block\">\n        <h2 class=\"step-title\">ADIM 4: Teslim Al\u0131rken Dikkat! (\u00c7OK \u00d6NEML\u0130)<\/h2>\n        <p class=\"step-description\">Olas\u0131 kargo hasarlar\u0131nda ma\u011fdur olmaman\u0131z i\u00e7in bu ad\u0131m kritiktir.<\/p>\n        <ul class=\"delivery-list\">\n            <li><span class=\"list-label\">D\u0131\u015f Kontrol:<\/span> Kargo g\u00f6revlisi yan\u0131n\u0131zdayken pakette ezik, y\u0131rt\u0131k, darbe veya \u0131slanma olup olmad\u0131\u011f\u0131n\u0131 mutlaka kontrol edin.<\/li>\n            <li><span class=\"list-label\">Tutanak Tutun:<\/span> En ufak bir hasar \u015f\u00fcphesinde paketi <span class=\"highlight-text\">TESL\u0130M ALMAYIN<\/span> ve g\u00f6revliye derhal \"Hasar Tespit Tutana\u011f\u0131\" tutturun.<\/li>\n            <li><span class=\"list-label\">Bilgi Verin:<\/span> Tutanak tutturdu\u011funuz durumu vakit kaybetmeden m\u00fc\u015fteri hizmetlerimize bildirin.<\/li>\n        <\/ul>\n        <p class=\"warning-note\">* Not: Tutanak tutulmadan teslim al\u0131nan hasarl\u0131 \u00fcr\u00fcnlerde kargo firmas\u0131 sorumluluk kabul etmemektedir.<\/p>\n    <\/div>\n\n    <!-- ADIM 5 -->\n    <div class=\"delivery-step-block\">\n        <h2 class=\"step-title\">ADIM 5: Kurulum Se\u00e7enekleri<\/h2>\n        <p class=\"step-description\">Makineniz size ula\u015ft\u0131ktan sonra iki farkl\u0131 kurulum se\u00e7ene\u011finiz mevcuttur:<\/p>\n        <ul class=\"delivery-list\">\n            <li><span class=\"list-label\">Kullan\u0131c\u0131 Kurulumu (Standart):<\/span> \u00dcr\u00fcnlerimiz \"tak-\u00e7al\u0131\u015ft\u0131r\" mant\u0131\u011f\u0131na yak\u0131nd\u0131r. Kutudan \u00e7\u0131kan veya dijital olarak iletilen rehberlerle temel teknik bilgiye sahip kullan\u0131c\u0131lar kurulumu kolayca yapabilir.<\/li>\n            <li><span class=\"list-label\">Kurumsal Yerinde Kurulum (Opsiyonel):<\/span> Kurumsal m\u00fc\u015fterilerimiz, talep etmeleri halinde profesyonel teknik ekibimizden yerinde kurulum ve devreye alma hizmeti alabilirler. (Detaylar i\u00e7in kurumsal sat\u0131\u015f birimimizle g\u00f6r\u00fc\u015f\u00fcn\u00fcz.)<\/li>\n        <\/ul>\n    <\/div>\n<\/div>\n<!-- PREMIUM CNC TEMASI - TAMAMEN BEYAZ MET\u0130NL\u0130 TESL\u0130MAT SAYFASI B\u0130T\u0130\u015e\u0130 -->\t\t\t\t<\/div>\n\t\t\t\t\t<\/div>\n\t\t\t\t<\/div>\n\t\t<div class=\"elementor-element elementor-element-efeab50 e-flex e-con-boxed e-con e-parent\" data-id=\"efeab50\" data-element_type=\"container\" data-e-type=\"container\">\n\t\t\t\t\t<div class=\"e-con-inner\">\n\t\t<div class=\"elementor-element elementor-element-58de707 e-con-full e-flex e-con e-child\" data-id=\"58de707\" data-element_type=\"container\" data-e-type=\"container\">\n\t\t<div class=\"elementor-element elementor-element-c3dc43d e-con-full e-flex e-con e-child\" data-id=\"c3dc43d\" data-element_type=\"container\" data-e-type=\"container\">\n\t\t\t\t<div class=\"elementor-element elementor-element-b8e0385 elementor-widget__width-initial elementor-invisible elementor-widget elementor-widget-heading\" data-id=\"b8e0385\" data-element_type=\"widget\" data-e-type=\"widget\" data-settings=\"{&quot;_animation&quot;:&quot;fadeIn&quot;,&quot;_animation_delay&quot;:600}\" data-widget_type=\"heading.default\">\n\t\t\t\t\t<h2 class=\"elementor-heading-title elementor-size-default\">Mini V2 Ekosistemiyle Hemen Tan\u0131\u015f\u0131n.<\/h2>\t\t\t\t<\/div>\n\t\t\t\t<div class=\"elementor-element elementor-element-bb23d57 elementor-widget-divider--view-line elementor-invisible elementor-widget elementor-widget-divider\" data-id=\"bb23d57\" data-element_type=\"widget\" data-e-type=\"widget\" data-settings=\"{&quot;_animation&quot;:&quot;slideInLeft&quot;,&quot;_animation_delay&quot;:700}\" data-widget_type=\"divider.default\">\n\t\t\t\t\t\t\t<div class=\"elementor-divider\">\n\t\t\t<span class=\"elementor-divider-separator\">\n\t\t\t\t\t\t<\/span>\n\t\t<\/div>\n\t\t\t\t\t\t<\/div>\n\t\t\t\t<\/div>\n\t\t\t\t<div class=\"elementor-element elementor-element-1680d7d elementor-invisible elementor-widget elementor-widget-text-editor\" data-id=\"1680d7d\" data-element_type=\"widget\" data-e-type=\"widget\" data-settings=\"{&quot;_animation&quot;:&quot;fadeIn&quot;,&quot;_animation_delay&quot;:800}\" data-widget_type=\"text-editor.default\">\n\t\t\t\t\t\t\t\t\t<p>Makine ve ak\u0131ll\u0131 kontrol tabletini kapsayan lansman paketine \u00f6zel fiyatlarla sahip olma f\u0131rsat\u0131n\u0131 ka\u00e7\u0131rmay\u0131n.<\/p>\t\t\t\t\t\t\t\t<\/div>\n\t\t<div class=\"elementor-element elementor-element-a4d7a9b e-con-full e-flex e-con e-child\" data-id=\"a4d7a9b\" data-element_type=\"container\" data-e-type=\"container\">\n\t\t\t\t<div class=\"elementor-element elementor-element-192a556 elementor-invisible elementor-widget elementor-widget-button\" data-id=\"192a556\" data-element_type=\"widget\" data-e-type=\"widget\" data-settings=\"{&quot;_animation&quot;:&quot;fadeIn&quot;,&quot;_animation_delay&quot;:1000}\" data-widget_type=\"button.default\">\n\t\t\t\t\t\t\t\t\t\t<a class=\"elementor-button elementor-button-link elementor-size-sm\" href=\"https:\/\/miniv2.com\/\">\n\t\t\t\t\t\t<span class=\"elementor-button-content-wrapper\">\n\t\t\t\t\t\t\t\t\t<span class=\"elementor-button-text\">Ana sayfaya git<\/span>\n\t\t\t\t\t<\/span>\n\t\t\t\t\t<\/a>\n\t\t\t\t\t\t\t\t<\/div>\n\t\t\t\t<div class=\"elementor-element elementor-element-9503d24 elementor-invisible elementor-widget elementor-widget-button\" data-id=\"9503d24\" data-element_type=\"widget\" data-e-type=\"widget\" data-settings=\"{&quot;_animation&quot;:&quot;fadeIn&quot;,&quot;_animation_delay&quot;:1200}\" data-widget_type=\"button.default\">\n\t\t\t\t\t\t\t\t\t\t<a class=\"elementor-button elementor-button-link elementor-size-sm\" href=\"https:\/\/miniv2.com\/#satinal\">\n\t\t\t\t\t\t<span class=\"elementor-button-content-wrapper\">\n\t\t\t\t\t\t\t\t\t<span class=\"elementor-button-text\">Fiyatlar\u0131 \u0130ncele<\/span>\n\t\t\t\t\t<\/span>\n\t\t\t\t\t<\/a>\n\t\t\t\t\t\t\t\t<\/div>\n\t\t\t\t<\/div>\n\t\t\t\t<div class=\"elementor-element elementor-element-32cb967 elementor-widget elementor-widget-spacer\" data-id=\"32cb967\" data-element_type=\"widget\" data-e-type=\"widget\" data-widget_type=\"spacer.default\">\n\t\t\t\t\t\t\t<div class=\"elementor-spacer\">\n\t\t\t<div class=\"elementor-spacer-inner\"><\/div>\n\t\t<\/div>\n\t\t\t\t\t\t<\/div>\n\t\t\t\t<\/div>\n\t\t\t\t\t<\/div>\n\t\t\t\t<\/div>\n\t\t<div class=\"elementor-element elementor-element-fb5baa2 e-flex e-con-boxed e-con e-parent\" data-id=\"fb5baa2\" data-element_type=\"container\" data-e-type=\"container\">\n\t\t\t\t\t<div class=\"e-con-inner\">\n\t\t<div class=\"elementor-element elementor-element-79b2c8a e-con-full e-flex e-con e-child\" data-id=\"79b2c8a\" data-element_type=\"container\" data-e-type=\"container\">\n\t\t<div class=\"elementor-element elementor-element-94d9f7a e-con-full e-flex e-con e-child\" data-id=\"94d9f7a\" data-element_type=\"container\" data-e-type=\"container\">\n\t\t\t\t<div class=\"elementor-element elementor-element-4bcbfea elementor-widget elementor-widget-theme-site-logo elementor-widget-image\" data-id=\"4bcbfea\" data-element_type=\"widget\" data-e-type=\"widget\" data-widget_type=\"theme-site-logo.default\">\n\t\t\t\t\t\t\t\t\t\t\t<a href=\"https:\/\/miniv2.com\">\n\t\t\t<img fetchpriority=\"high\" decoding=\"async\" width=\"600\" height=\"335\" src=\"https:\/\/miniv2.com\/wp-content\/uploads\/2026\/02\/logob2.png\" class=\"attachment-full size-full wp-image-64\" alt=\"\" srcset=\"https:\/\/miniv2.com\/wp-content\/uploads\/2026\/02\/logob2.png 600w, https:\/\/miniv2.com\/wp-content\/uploads\/2026\/02\/logob2-300x168.png 300w\" sizes=\"(max-width: 600px) 100vw, 600px\" \/>\t\t\t\t<\/a>\n\t\t\t\t\t\t\t\t\t\t\t<\/div>\n\t\t\t\t<div class=\"elementor-element elementor-element-795a0e8 elementor-widget elementor-widget-text-editor\" data-id=\"795a0e8\" data-element_type=\"widget\" data-e-type=\"widget\" data-widget_type=\"text-editor.default\">\n\t\t\t\t\t\t\t\t\t<p class=\"OurStory_subtitle__NuJZs\">Ostim 1231\/1 Sokak No:27 Yenimahalle\/ANKARA<br \/><br \/><strong>Santral:<\/strong> 0312 513 22 79<br \/><strong>Direkt Sat\u0131\u015f:<\/strong> +90 534 646 58 09<\/p><p><span style=\"color: #ff6600;\"><a style=\"color: #ff6600;\" href=\"mailto:info@miniv2.com\">info@miniv2.com<\/a><\/span><\/p>\t\t\t\t\t\t\t\t<\/div>\n\t\t\t\t<\/div>\n\t\t<div class=\"elementor-element elementor-element-1ec83bf e-con-full e-flex e-con e-child\" data-id=\"1ec83bf\" data-element_type=\"container\" data-e-type=\"container\">\n\t\t\t\t<div class=\"elementor-element elementor-element-cb6ce73 elementor-widget elementor-widget-google_maps\" data-id=\"cb6ce73\" data-element_type=\"widget\" data-e-type=\"widget\" data-widget_type=\"google_maps.default\">\n\t\t\t\t\t\t\t<div class=\"elementor-custom-embed\">\n\t\t\t<iframe loading=\"lazy\"\n\t\t\t\t\tsrc=\"https:\/\/maps.google.com\/maps?q=ostim%201231%2F1%20Sokak%20Yenimahalle%20Ankara&#038;t=m&#038;z=14&#038;output=embed&#038;iwloc=near\"\n\t\t\t\t\ttitle=\"ostim 1231\/1 Sokak Yenimahalle Ankara\"\n\t\t\t\t\taria-label=\"ostim 1231\/1 Sokak Yenimahalle Ankara\"\n\t\t\t><\/iframe>\n\t\t<\/div>\n\t\t\t\t\t\t<\/div>\n\t\t\t\t<\/div>\n\t\t\t\t<\/div>\n\t\t<div class=\"elementor-element elementor-element-f4d95a6 e-con-full e-flex e-con e-child\" data-id=\"f4d95a6\" data-element_type=\"container\" data-e-type=\"container\">\n\t\t\t\t<div class=\"elementor-element elementor-element-5cecaf6 elementor-widget elementor-widget-text-editor\" data-id=\"5cecaf6\" data-element_type=\"widget\" data-e-type=\"widget\" data-widget_type=\"text-editor.default\">\n\t\t\t\t\t\t\t\t\t<p><a href=\"https:\/\/miniv2.com\/index.php\/kargo-ve-teslimat\/\">Kargo ve Teslimat<\/a><\/p>\t\t\t\t\t\t\t\t<\/div>\n\t\t\t\t<div class=\"elementor-element elementor-element-24eaee7 elementor-widget elementor-widget-text-editor\" data-id=\"24eaee7\" data-element_type=\"widget\" data-e-type=\"widget\" data-widget_type=\"text-editor.default\">\n\t\t\t\t\t\t\t\t\t<p><a href=\"https:\/\/miniv2.com\/index.php\/iptal-ve-iade\/\">\u0130ptal ve \u0130ade<\/a><\/p>\t\t\t\t\t\t\t\t<\/div>\n\t\t\t\t<\/div>\n\t\t\t\t\t<\/div>\n\t\t\t\t<\/div>\n\t\t\t\t<\/div>\n\t\t","protected":false},"excerpt":{"rendered":"<p>Mini V2 ile Tan\u0131\u015f\u0131n! Donan\u0131m G\u00fcc\u00fc Ak\u0131ll\u0131 Kontrol Neler \u00dcretebilir? Mini V2 Sahibi Olun! Kargo ve Teslimat S\u00fcreci Yerli \u00fcretim g\u00fcc\u00fcm\u00fcz ve stoklu \u00e7al\u0131\u015fma prensibimizle, yeni Masa\u00fcst\u00fc CNC makinenizi fabrikadan kap\u0131n\u0131za kadar en h\u0131zl\u0131 ve g\u00fcvenli \u015fekilde ula\u015ft\u0131r\u0131yoruz. \u0130\u015fte ad\u0131m ad\u0131m teslimat s\u00fcrecimiz: ADIM 1: \u00dccretsiz Kargo ve H\u0131zl\u0131 Haz\u0131rl\u0131k Premium hizmet standard\u0131m\u0131z gere\u011fi, CNC [&hellip;]<\/p>\n","protected":false},"author":1,"featured_media":0,"parent":0,"menu_order":0,"comment_status":"closed","ping_status":"closed","template":"elementor_canvas","meta":{"footnotes":""},"class_list":["post-326","page","type-page","status-publish","hentry"],"_links":{"self":[{"href":"https:\/\/miniv2.com\/index.php\/wp-json\/wp\/v2\/pages\/326","targetHints":{"allow":["GET"]}}],"collection":[{"href":"https:\/\/miniv2.com\/index.php\/wp-json\/wp\/v2\/pages"}],"about":[{"href":"https:\/\/miniv2.com\/index.php\/wp-json\/wp\/v2\/types\/page"}],"author":[{"embeddable":true,"href":"https:\/\/miniv2.com\/index.php\/wp-json\/wp\/v2\/users\/1"}],"replies":[{"embeddable":true,"href":"https:\/\/miniv2.com\/index.php\/wp-json\/wp\/v2\/comments?post=326"}],"version-history":[{"count":10,"href":"https:\/\/miniv2.com\/index.php\/wp-json\/wp\/v2\/pages\/326\/revisions"}],"predecessor-version":[{"id":347,"href":"https:\/\/miniv2.com\/index.php\/wp-json\/wp\/v2\/pages\/326\/revisions\/347"}],"wp:attachment":[{"href":"https:\/\/miniv2.com\/index.php\/wp-json\/wp\/v2\/media?parent=326"}],"curies":[{"name":"wp","href":"https:\/\/api.w.org\/{rel}","templated":true}]}}